{"id":1459,"date":"2025-10-24T12:17:43","date_gmt":"2025-10-24T10:17:43","guid":{"rendered":"https:\/\/lunaticsoul.com\/?page_id=1459"},"modified":"2025-10-24T21:00:40","modified_gmt":"2025-10-24T19:00:40","slug":"fractured","status":"publish","type":"page","link":"https:\/\/lunaticsoul.com\/pl\/fractured\/","title":{"rendered":"Fractured"},"content":{"rendered":"<div class=\"wpb-content-wrapper\"><div  class=\"vc_row wpb_row vc_row-fluid in_container\"><div class=\"wpb_column vc_column_container vc_col-sm-3\"><div class=\"vc_column-inner\"><div class=\"wpb_wrapper\"><div class=\"vc_separator wpb_content_element vc_separator_align_center vc_sep_width_100 vc_sep_pos_align_center vc_sep_color_orange vc_custom_1760942433838 wpb_content_element vc_separator-has-text\" ><span class=\"vc_sep_holder vc_sep_holder_l\"><span class=\"vc_sep_line\"><\/span><\/span><h4>BUY NOW<\/h4><span class=\"vc_sep_holder vc_sep_holder_r\"><span class=\"vc_sep_line\"><\/span><\/span>\n<\/div>\r\n\t<div class=\"wpb_single_image wpb_content_element vc_align_left  vc_custom_1761331515613\">\r\n\t\t\r\n\t\t<figure class=\"wpb_wrapper vc_figure\">\r\n\t\t\t<a href=\"https:\/\/mystic.pl\/product-pol-42133-Lunatic-Soul-Fractured.html?query_id=1\" target=\"_blank\" class=\"vc_single_image-wrapper 0   vc_box_border_grey\"><img loading=\"lazy\" decoding=\"async\" width=\"561\" height=\"116\" src=\"https:\/\/lunaticsoul.com\/wp-content\/uploads\/2025\/10\/111.png\" class=\"vc_single_image-img attachment-full\" alt=\"\" title=\"111\" srcset=\"https:\/\/lunaticsoul.com\/wp-content\/uploads\/2025\/10\/111.png 561w, https:\/\/lunaticsoul.com\/wp-content\/uploads\/2025\/10\/111-559x116.png 559w\" sizes=\"auto, (max-width: 561px) 100vw, 561px\" \/><\/a>\r\n\t\t<\/figure>\r\n\t<\/div>\r\n\r\n\t<div class=\"wpb_single_image wpb_content_element vc_align_left  vc_custom_1761332438005\">\r\n\t\t\r\n\t\t<figure class=\"wpb_wrapper vc_figure\">\r\n\t\t\t<a href=\"https:\/\/burningshed.com\/store\/kscope\/lunatic-soul_fractured_cdc?filter_name=lunatic%20soul&amp;filter_category_id=66&amp;filter_sub_category=true\" target=\"_blank\" class=\"vc_single_image-wrapper 0   vc_box_border_grey\"><img loading=\"lazy\" decoding=\"async\" width=\"561\" height=\"117\" src=\"https:\/\/lunaticsoul.com\/wp-content\/uploads\/2025\/10\/2-1.png\" class=\"vc_single_image-img attachment-full\" alt=\"\" title=\"2\" srcset=\"https:\/\/lunaticsoul.com\/wp-content\/uploads\/2025\/10\/2-1.png 561w, https:\/\/lunaticsoul.com\/wp-content\/uploads\/2025\/10\/2-1-559x117.png 559w\" sizes=\"auto, (max-width: 561px) 100vw, 561px\" \/><\/a>\r\n\t\t<\/figure>\r\n\t<\/div>\r\n<div class=\"vc_separator wpb_content_element vc_separator_align_center vc_sep_width_100 vc_sep_pos_align_center vc_sep_color_orange vc_custom_1760942444780 wpb_content_element vc_separator-has-text\" ><span class=\"vc_sep_holder vc_sep_holder_l\"><span class=\"vc_sep_line\"><\/span><\/span><h4>TRACKLIST<\/h4><span class=\"vc_sep_holder vc_sep_holder_r\"><span class=\"vc_sep_line\"><\/span><\/span>\n<\/div>\n\t<div class=\"wpb_text_column wpb_content_element vc_custom_1761329101428\" >\n\t\t<div class=\"wpb_wrapper\">\n\t\t\t<p>1. Blood on the Tightrope (07:18)<br \/>\n2. Anymore (04:36)<br \/>\n3. Crumbling Teeth and the Owl Eyes (06:40)<br \/>\n4. Red Light Escape (05:42)<br \/>\n5. Fractured (04:35)<br \/>\n6. A Thousand Shards of Heaven (12:16)<br \/>\n7. Battlefield (09:04)<br \/>\n8. Moving On (05:14)<\/p>\n\n\t\t<\/div>\n\t<\/div>\n<div class=\"vc_separator wpb_content_element vc_separator_align_center vc_sep_width_100 vc_sep_pos_align_center vc_sep_color_orange vc_custom_1760942610863 wpb_content_element vc_separator-has-text\" ><span class=\"vc_sep_holder vc_sep_holder_l\"><span class=\"vc_sep_line\"><\/span><\/span><h4>INFO<\/h4><span class=\"vc_sep_holder vc_sep_holder_r\"><span class=\"vc_sep_line\"><\/span><\/span>\n<\/div>\n\t<div class=\"wpb_text_column wpb_content_element vc_custom_1761329195473\" >\n\t\t<div class=\"wpb_wrapper\">\n\t\t\t<p>release date: october 6th, 2017<\/p>\n<p>music, lyrics: Mariusz Duda<\/p>\n<p>recorded, mastered by: Magda and Robert Srzedniccy Serakos Studio, warsaw, poland<br \/>\njune 2016 \u2013 june 2017<\/p>\n<p>symphonic orchestra recoding: jakub ma\u0144kowski, \u0142ukasz kuma\u0144ski custom 34 studio, gda\u0144sk, poland<br \/>\noctober 13-14th 2016<\/p>\n<p>mixed by: magda and robert srzedniccy, mariusz duda serakos studio, warsaw, poland<br \/>\napril, june 2017<\/p>\n<p>produced by: mariusz duda,\u00a0magda and robert srzedniccy<\/p>\n<p>illustration, design, layout by: travis smith<\/p>\n<p>mariusz duda photos by: oskar szramka<\/p>\n<p>mariusz duda \u2013 keyboards, bass and acoustic guitars, piccolo bass guitar, percussion, programming, lead and backing vocals<\/p>\n<p>wawrzyniec dramowicz \u2013 drums<\/p>\n<p>marcin odyniec \u2013 saxophone on 4, 6 and 8<\/p>\n<p>sinfonietta consonus orchestra \u2013 on 3 and 6 (conductor \u2013 michal mierzejewski; I violin \u2013 julia zi\u0119tek, karolina gutowska, martyna kopiec, judyta sawicka, katarzyna libront, paulina ku\u015bmierska; II vioin \u2013 magdalena szczypi\u0144ska, karolina janiak, anna gospodarek, tomasz chy\u0142a, gabriela \u017cmigrodzka; violas \u2013 krzysztof jakub szwarc, maciej rogozi\u0144ski, ewelina bronk-m\u0142y\u0144ska, eliza falkowska, cellos \u2013 weronika kulla, alicja ro\u017cycka, katarzyna kami\u0144ska; contrabass \u2013 damian wdzi\u0119ko\u0144ski; management \u2013 joanna ko\u017cuch. the project was held in cooperation with music landscapes productions company)<\/p>\n\n\t\t<\/div>\n\t<\/div>\n<\/div><\/div><\/div><div class=\"wpb_column vc_column_container vc_col-sm-9\"><div class=\"vc_column-inner vc_custom_1760806573401\"><div class=\"wpb_wrapper\">\n\t<div class=\"wpb_raw_code wpb_raw_html wpb_content_element vc_custom_1761329243286\" >\n\t\t<div class=\"wpb_wrapper\">\n\t\t\t<iframe data-testid=\"embed-iframe\" style=\"border-radius:12px\" src=\"https:\/\/open.spotify.com\/embed\/album\/5uWUp2VPqbvDlGM7AaYSWr?utm_source=generator\" width=\"100%\" height=\"352\" frameborder=\"0\" allowfullscreen=\"\" allow=\"autoplay; clipboard-write; encrypted-media; fullscreen; picture-in-picture\" loading=\"lazy\"><\/iframe>\n\t\t<\/div>\n\t<\/div>\n<div class=\"vc_empty_space\"   style=\"height: 32px\"><span class=\"vc_empty_space_inner\"><\/span><\/div><div class=\"vc_separator wpb_content_element vc_separator_align_center vc_sep_width_100 vc_sep_pos_align_center vc_sep_color_orange wpb_content_element vc_separator-has-text\" ><span class=\"vc_sep_holder vc_sep_holder_l\"><span class=\"vc_sep_line\"><\/span><\/span><h4>LYRICS<\/h4><span class=\"vc_sep_holder vc_sep_holder_r\"><span class=\"vc_sep_line\"><\/span><\/span>\n<\/div>\n\t<div class=\"wpb_text_column wpb_content_element vc_custom_1761329201555\" >\n\t\t<div class=\"wpb_wrapper\">\n\t\t\t<h4>blood on the tightrope<\/h4>\n<p>don\u2019t look down<br \/>\ndon\u2019t hesitate now<br \/>\njust so you now<br \/>\nthere\u2019s no return<\/p>\n<p>halfway across<br \/>\nhigh above the fractured city and life<br \/>\nsoon it will all be over<br \/>\nbut you have to move forward<\/p>\n<p>don\u2019t look up<br \/>\ndon\u2019t daydream too much<br \/>\njust so you know<br \/>\nthere will be blood<br \/>\neven if you stay neutral<\/p>\n<p>no matter how hard you try<br \/>\nto shut down you your feverish thoughts<br \/>\nthey hunt you down with no regret<br \/>\ncause you have to fix it all<\/p>\n<p>so you did fairly well with the goals you set for your pride<br \/>\nand even though you\u2019re like a tightrope walker with a fear of heights<br \/>\nand your legs wobble and your arms helplessly flail around<br \/>\nyou strive to maintain the highest level of not giving up<\/p>\n<p>but no matter how hard you try<br \/>\nto shout down your feverish thoughts<br \/>\nthey hunt you down with no regret<br \/>\ncause you have to fix it<br \/>\nyou have to fix it all<\/p>\n<p>every day<br \/>\nevery night<br \/>\nwe walk the line<br \/>\ntrying not to fall<\/p>\n<p>every day<br \/>\nevery night<br \/>\nwe\u2019re getting close<br \/>\nthen we lose control<\/p>\n<p>we rise<br \/>\nwe shine<br \/>\nthen we fall down<br \/>\nin love with the moon<br \/>\nwaiting for the sun<\/p>\n<p>every day<br \/>\nevery night<br \/>\nwe walk the line<br \/>\ntrying not to fall<\/p>\n<p>every day<br \/>\nevery night<br \/>\nwe\u2019re getting close<br \/>\nthen we lose control<\/p>\n<p>with shattered minds<br \/>\nwith broken hearts<br \/>\nin love with the moon<br \/>\nwaiting for the sun<\/p>\n<p>for the sun we are waiting for the sun we are waiting<br \/>\nfor the sun we are waiting for<\/p>\n<h4>anymore<\/h4>\n<p>i want to tell you about something<br \/>\nyou don\u2019t talk to me anymore<br \/>\nwant to share my innermost desires<br \/>\nyou don\u2019t talk to me anymore<\/p>\n<p>i need to show you what i\u2019m like<br \/>\nwhat i\u2019ve achieved<br \/>\nwhat i have understood<br \/>\nthen you might tell me you are proud of me<\/p>\n<p>but you don\u2019t talk to me anymore<br \/>\ni want to show you my words on paper<br \/>\nbut you don\u2019t talk to me anymore<br \/>\njust want to say that i am sorry<br \/>\nbut you don\u2019t talk to me anymore<\/p>\n<p>i need to show you what i\u2019m like<br \/>\nwhat i\u2019ve achieved<br \/>\nwhat i have understood<br \/>\nthen you might tell me you\u2019re proud of me<\/p>\n<p>but you don\u2019t talk to me anymore<\/p>\n<h4>crumbling teeth and the owl eyes<\/h4>\n<p>sleep on tight<br \/>\nmy little girl<br \/>\nplease do not wake up<br \/>\ni am selfish<br \/>\nfor i need<br \/>\nsomething from your dream<br \/>\na little patch<br \/>\nthat will cool me down<\/p>\n<p>there\u2019s no land of unicorns<br \/>\nand no rainbow stars<br \/>\nyou are growing up so fast<br \/>\nbut you still believe and fly so high<br \/>\nwithout falling down<\/p>\n<p>stay with me now<br \/>\nall my dormant fears are coming<br \/>\nback to my mind<br \/>\nit seems that you\u2019re the only one who can<br \/>\nhelp my heart get through the pain<\/p>\n<p>and the sound<br \/>\nlike far-off drums<br \/>\nhammers in my head<br \/>\ni can hear them getting ready<br \/>\ni know they\u2019re coming for<br \/>\nwhat\u2019s left of my soul<\/p>\n<p>let me steal a part of your<br \/>\nchildish innocence<br \/>\nlet me sit down by your side<br \/>\npull myself together<br \/>\nand deny<br \/>\nthat i\u2019m falling apart<\/p>\n<p>stay with me now<br \/>\nall my dormant fears are coming<br \/>\nback to my mind<br \/>\nit seems that you\u2019re the only one who can<br \/>\nhelp my heart get through the pain<\/p>\n<p>sleep on tight<br \/>\nmy little girl<br \/>\nplease do not wake up<br \/>\ni am selfish<br \/>\nfor i need<br \/>\nsomething from your dream<br \/>\na little patch<br \/>\nthat will cool me down<\/p>\n<p>you came to my gloomy world<br \/>\nlightened up my sky<br \/>\nthanks to you i\u2019ve realized<br \/>\nwhat i am still afraid of<br \/>\ni\u2019m afraid for you<\/p>\n<p>stay with me now<br \/>\nall my dormant fears are coming<br \/>\nback to my mind<br \/>\nit seems that you\u2019re the only one who can<br \/>\nhelp my heart get through the pain<\/p>\n<h4>red light escape<\/h4>\n<p>i\u2019m locked in a room with no escape<br \/>\nno description key<br \/>\nno clue how to begin<br \/>\nthe countdown clock is on the wall<br \/>\n4 red digits have invaded my soul<\/p>\n<p>soothe the pain<br \/>\nmy body hurts<br \/>\njust take away<br \/>\nwhat lies within<br \/>\nhelp to forget<br \/>\nunlock my true addiction<br \/>\nset me free<\/p>\n<p>borderline is crossed again<br \/>\ni can get beyond myself<br \/>\ntwo years of sobriety<br \/>\ni know i gave up<br \/>\nbut i have to feel<\/p>\n<p>just put me to the test<br \/>\nit\u2019s time to play our game<\/p>\n<p>soothe the pain<br \/>\nmy body hurts<br \/>\njust take away<br \/>\nwhat lies within<br \/>\nhelp to forget<br \/>\nunlock my true addiction<br \/>\nset me free<br \/>\nborderline is crossed again<br \/>\ni go beyond myself<\/p>\n<p>just put me to the test<br \/>\nit\u2019s time to play our game<\/p>\n<h4>fractured<\/h4>\n<p>through your stormy waves<br \/>\nthrough your crumbled walls<br \/>\nthrough your broken sky<br \/>\nthrough your fractured soul<\/p>\n<h4>a thousand shards of heaven<\/h4>\n<p>you can say that i belong to<br \/>\nall the moments<br \/>\nthat i couldn\u2019t let<br \/>\nsink into my oblivion<br \/>\nyou can say that i\u2019m yearning<br \/>\nfor something that\u2019s already gone<br \/>\nbut i\u2019m not a prisoner<\/p>\n<p>i want to feel what it\u2019s like<br \/>\nwhen sorrow turns into strength<br \/>\ni want to feel what it\u2019s like<br \/>\nwhen there\u2019s no screeches in my head<\/p>\n<p>you can say that i\u2019m chasing<br \/>\nsomething that is unattainable<br \/>\nso you know my way to survive<br \/>\nyou can say that i\u2019m surrounded<br \/>\nby the ruins of my previous life<br \/>\nbut i am not a prisoner<\/p>\n<p>i want to feel what it\u2019s like<br \/>\nwhen sorrow turns into strength<br \/>\ni want to feel what it\u2019s like<br \/>\nwhen there\u2019s no screeches in my head<br \/>\ni want to feel what it\u2019s like<br \/>\nwhen dreams of mine don\u2019t leave a mark<br \/>\non my battered heart<\/p>\n<p>you can say that i belong to<br \/>\nall the moments<br \/>\nthat i couldn\u2019t let<br \/>\nsink into my oblivion<br \/>\nyou can say that i am yearning<br \/>\nfor something that\u2019s already gone<br \/>\nbut i am not a prisoner<\/p>\n<p>i want to feel what it\u2019s like<br \/>\nwhen sorrow turns into strength<br \/>\ni want to feel what it\u2019s like<br \/>\nwhen there\u2019s no screeches in my head<br \/>\ni want to feel what it\u2019s like<br \/>\nwhen dreams of mine don\u2019t leave a mark<br \/>\ni want to feel what it\u2019s like<br \/>\nwhen what i lost comes back to life<br \/>\nto heal my battered heart<\/p>\n<p>a thousand shards of heaven<br \/>\nstaring at the stars<\/p>\n<p>a thousand shards of heaven<br \/>\ndrinking coldness from the night<\/p>\n<p>i collect my story<br \/>\nunder the fragmented sky<br \/>\ntraveling through my wasteland<br \/>\npraying for the rain to come<\/p>\n<p>i need your every tear to save my life<br \/>\ni need your every tear to save my life<\/p>\n<h4>battlefield<\/h4>\n<p>when i had to kill<br \/>\nfor the first time<br \/>\nand most of them just went away<br \/>\ni fell into your arms<br \/>\nmy sweet-lipped goddess of indifference<\/p>\n<p>memories were leaving me<br \/>\none by one<br \/>\nslowly dying out<br \/>\na few of them<br \/>\nlike the stones<br \/>\nstuck on a battlefield in silent cry<\/p>\n<p>the wind was blowing<br \/>\nand the song that he sang to me<br \/>\nwas so beautiful and so fragile<br \/>\nall i have left alive<br \/>\nwas crying out my name<br \/>\nwanting me to come back<\/p>\n<p>when i had to kill<br \/>\nfor the second time<br \/>\nand all of them just went away<br \/>\ni got up from my knees<br \/>\nand became a man<br \/>\nstanding over the boy\u2019s grave<\/p>\n<p>shadows were trying to get inside<br \/>\nwhile the vultures were circling in the air<br \/>\nthe dust has settled<br \/>\nand the field<br \/>\nuncovered part of me<br \/>\ni couldn\u2019t recognize<\/p>\n<p>i\u2019m learning to live<br \/>\nwith phantom pain<br \/>\ntrying to get used to the brighter light<br \/>\ni\u2019m taming the ache<br \/>\nnew scars on my face<br \/>\nthe days when everything inside of me collapsed<\/p>\n<p>dreams that have gone<br \/>\nand my weaknesses<br \/>\nhounded and scared<br \/>\nrebuilt their barricades<br \/>\non my battlefield<br \/>\nthey got a second chance<br \/>\nfeeding on my remorse<br \/>\ndwelling on the past<\/p>\n<p>the fiery red cracks in the sky<br \/>\nwhat has gone to pieces will not take hold of me<br \/>\nstanding upright<br \/>\nwith open eyes<br \/>\nwhen tears have turned to fists<br \/>\nfeel my time has come<\/p>\n<p>and the broken hearts will not break through my mind<br \/>\nand the broken hearts will not break through my mind<br \/>\nand the broken hearts will not break through my mind<br \/>\nand the broken hearts will not break through my mind<\/p>\n<h4>moving on<\/h4>\n<p>we<br \/>\nhave<br \/>\ntaken our world apart<\/p>\n<p>lost our faith<br \/>\nsealed inside the plastic life<\/p>\n<p>intimidated and resigned<br \/>\nwe wait<\/p>\n<p>turned away from each other<\/p>\n<p>we failed<br \/>\nfor we did nothing about us<\/p>\n<p>promises<br \/>\nempty<br \/>\nand full of lies<\/p>\n<p>i have a chance to save my last<br \/>\nshreds of time<\/p>\n<p>follow my instinct<br \/>\ni\u2019m not afraid to try<\/p>\n<p>done with your failures<br \/>\nyou blame me for<\/p>\n<p>i\u2019m moving on<br \/>\ni\u2019m moving on<br \/>\ni\u2019m moving on<br \/>\ni\u2019m moving on<\/p>\n\n\t\t<\/div>\n\t<\/div>\n<\/div><\/div><\/div><\/div>\n<\/div>","protected":false},"excerpt":{"rendered":"BUY NOW TRACKLIST 1. Blood on the Tightrope (07:18) 2. Anymore (04:36) 3. Crumbling Teeth and the Owl Eyes (06:40) 4. Red Light Escape (05:42) 5. Fractured (04:35) 6. A Thousand Shards of Heaven (12:16) 7. Battlefield (09:04) 8. Moving On (05:14) INFO release date: october 6th, 2017 music, lyrics: Mariusz Duda recorded, mastered by: Magda and Robert Srzedniccy Serakos Studio, warsaw, poland june 2016 \u2013 june 2017 symphonic orchestra recoding: jakub ma\u0144kowski, \u0142ukasz kuma\u0144ski custom 34 studio, gda\u0144sk, poland [...]","protected":false},"author":1,"featured_media":0,"parent":0,"menu_order":0,"comment_status":"closed","ping_status":"closed","template":"","meta":{"_acf_changed":false,"footnotes":""},"class_list":["post-1459","page","type-page","status-publish","hentry"],"acf":[],"_links":{"self":[{"href":"https:\/\/lunaticsoul.com\/pl\/wp-json\/wp\/v2\/pages\/1459","targetHints":{"allow":["GET"]}}],"collection":[{"href":"https:\/\/lunaticsoul.com\/pl\/wp-json\/wp\/v2\/pages"}],"about":[{"href":"https:\/\/lunaticsoul.com\/pl\/wp-json\/wp\/v2\/types\/page"}],"author":[{"embeddable":true,"href":"https:\/\/lunaticsoul.com\/pl\/wp-json\/wp\/v2\/users\/1"}],"replies":[{"embeddable":true,"href":"https:\/\/lunaticsoul.com\/pl\/wp-json\/wp\/v2\/comments?post=1459"}],"version-history":[{"count":4,"href":"https:\/\/lunaticsoul.com\/pl\/wp-json\/wp\/v2\/pages\/1459\/revisions"}],"predecessor-version":[{"id":1499,"href":"https:\/\/lunaticsoul.com\/pl\/wp-json\/wp\/v2\/pages\/1459\/revisions\/1499"}],"wp:attachment":[{"href":"https:\/\/lunaticsoul.com\/pl\/wp-json\/wp\/v2\/media?parent=1459"}],"curies":[{"name":"wp","href":"https:\/\/api.w.org\/{rel}","templated":true}]}}